{"id":1195,"date":"2016-08-01T15:07:14","date_gmt":"2016-08-01T13:07:14","guid":{"rendered":"http:\/\/www.vbc-schmitten.ch\/?page_id=1195"},"modified":"2025-10-10T11:26:57","modified_gmt":"2025-10-10T09:26:57","slug":"sponsorenformular","status":"publish","type":"page","link":"https:\/\/www.vbc-schmitten.ch\/index.php\/start-2\/sponsorenformular\/","title":{"rendered":"Sponsor werden"},"content":{"rendered":"<p>Volleyball ist mit rund 220&#8217;000 Spielerinnen und Spielern in der Schweiz die Teamsportart Nummer zwei. Den gleichen Stellenwert geniesst unser Klub in Schmitten mit seinen Mitgliedern. Mit \u00fcber 125 Spielerinnen und Spielern sind wir der zweitgr\u00f6sste Sportverein in unserer Gemeinde. Unser Klub besteht aus 9 Teams, 14 Trainerinnen, Trainer und Coaches, 6 Schiedsrichterinnen und Schiedsrichter sowie 9 Vorstandsmitgliedern.<\/p>\n<p>Volleyball hat das ausgezeichnete Image einer sauberen Sportart ohne Doping, Gewalt in den Hallen und negativen Schlagzeilen. Wir setzen alles daran, dieses Bild des Volleyballsportes zu erhalten und von Beginn weg auch bei unseren Juniorinnen und Junioren einzupr\u00e4gen.<\/p>\n<p>Wollen Sie uns dabei unterst\u00fctzen, auf breiter Basis immer wieder junge Leute an diesen Sport heranzuf\u00fchren und so auch die Kontinuit\u00e4t im Klub zu erhalten? Dann werden Sie Sponsor!<\/p>\n<h5><strong>WIE WERDE ICH SPONSOR?<\/strong><\/h5>\n<p>Wenn Sie uns unterst\u00fctzen m\u00f6chten, dann melden Sie sich via <a href=\"http:\/\/www.vbc-schmitten.ch\/wp-content\/uploads\/2024\/09\/Sponsorenformular-Homepage.pdf\"><span style=\"text-decoration: underline;\"><strong>Sponsorenformular<\/strong><\/span> <\/a>bei uns oder kontaktieren Sie unverbindlich unser Sponsoring-Team (<a href=\"mailto:sponsoring@vbc-schmitten.ch\"><strong>sponsoring@vbc-schmitten.ch<\/strong><\/a>).\u00a0<\/p>\n<p>Vielen Dank f\u00fcr Ihre Unterst\u00fctzung!<\/p>\n<h5>\u00a0<\/h5>\n\n","protected":false},"excerpt":{"rendered":"<p>Volleyball ist mit rund 220&#8217;000 Spielerinnen und Spielern in der Schweiz die Teamsportart Nummer zwei. Den gleichen Stellenwert geniesst unser Klub in Schmitten mit seinen Mitgliedern. Mit \u00fcber 125 Spielerinnen und Spielern sind wir der zweitgr\u00f6sste Sportverein in unserer Gemeinde. Unser Klub besteht aus 9 Teams, 14 Trainerinnen, Trainer und Coaches, 6 Schiedsrichterinnen und Schiedsrichter<\/p>\n<p><a class=\"read-more\" href=\"https:\/\/www.vbc-schmitten.ch\/index.php\/start-2\/sponsorenformular\/\"> Mehr lesen&#8230;<\/a><\/p>\n","protected":false},"author":3,"featured_media":0,"parent":664,"menu_order":0,"comment_status":"closed","ping_status":"closed","template":"about-sidebar.php","meta":{"footnotes":""},"class_list":["post-1195","page","type-page","status-publish","hentry"],"_links":{"self":[{"href":"https:\/\/www.vbc-schmitten.ch\/index.php\/wp-json\/wp\/v2\/pages\/1195","targetHints":{"allow":["GET"]}}],"collection":[{"href":"https:\/\/www.vbc-schmitten.ch\/index.php\/wp-json\/wp\/v2\/pages"}],"about":[{"href":"https:\/\/www.vbc-schmitten.ch\/index.php\/wp-json\/wp\/v2\/types\/page"}],"author":[{"embeddable":true,"href":"https:\/\/www.vbc-schmitten.ch\/index.php\/wp-json\/wp\/v2\/users\/3"}],"replies":[{"embeddable":true,"href":"https:\/\/www.vbc-schmitten.ch\/index.php\/wp-json\/wp\/v2\/comments?post=1195"}],"version-history":[{"count":24,"href":"https:\/\/www.vbc-schmitten.ch\/index.php\/wp-json\/wp\/v2\/pages\/1195\/revisions"}],"predecessor-version":[{"id":2951,"href":"https:\/\/www.vbc-schmitten.ch\/index.php\/wp-json\/wp\/v2\/pages\/1195\/revisions\/2951"}],"up":[{"embeddable":true,"href":"https:\/\/www.vbc-schmitten.ch\/index.php\/wp-json\/wp\/v2\/pages\/664"}],"wp:attachment":[{"href":"https:\/\/www.vbc-schmitten.ch\/index.php\/wp-json\/wp\/v2\/media?parent=1195"}],"curies":[{"name":"wp","href":"https:\/\/api.w.org\/{rel}","templated":true}]}}