{"id":246,"date":"2015-10-26T19:13:35","date_gmt":"2015-10-26T18:13:35","guid":{"rendered":"http:\/\/vbcschmi.cyon.link\/?page_id=246"},"modified":"2025-10-23T08:34:31","modified_gmt":"2025-10-23T06:34:31","slug":"ueber-uns","status":"publish","type":"page","link":"https:\/\/www.vbc-schmitten.ch\/index.php\/ueber-uns\/","title":{"rendered":"\u00dcber uns \/ Kontakt"},"content":{"rendered":"<p>In den fr\u00fchen 70er Jahren sind die Anf\u00e4nge des Volleyballsports in unserer Region zu suchen. In Schmitten fingen 1972 die M\u00e4nner und 1976 die Frauen an, Volleyball zu spielen. Das war der Anfang einer langen Erfolgsgeschichte.<\/p>\n<p>Seither waren Teams des VBC Schmitten 40-mal unter den ersten drei ihrer Liga platziert und liessen sich\u00a010-mal als Freiburger-Meister feiern. Der VBC Schmitten war ausserdem 11-mal beim gr\u00f6ssten Freiburger Volleyball-Spektakel, dem Cupfinal, dabei. Dabei konnten unsere Teams den Pokal sogar 7-mal mit nach Hause nehmen.<\/p>\n<p>Heute sind wir einer der gr\u00f6ssten Klubs in der Region Freiburg und sind stolz, wie sich der Klub weiterentwickelt und die Spielerinnen und Spieler mit Motivation und Spass diesen Sport aus\u00fcben. Wir sind haupts\u00e4chlich auf Breitensport ausgerichtet und stellen uns jede Saison der neuen Herausforderung, auf breiter Basis immer wieder junge Leute an diesen Sport heranzuf\u00fchren und so auch die Kontinuit\u00e4t im Klub erhalten zu k\u00f6nnen.<\/p>\n<p>Der Verein bezweckt den Betrieb und die F\u00f6rderung des Sports unter Beobachtung der Interessen der Junioren-, Regional- und Plausch Mannschaften. Der Verein ist politisch und konfessionell neutral.\u00a0Der Dachverband f\u00fcr unseren Club ist der Volleyballverband Swiss Volley.<\/p>\n<p>&nbsp;<\/p>\n","protected":false},"excerpt":{"rendered":"<p>In den fr\u00fchen 70er Jahren sind die Anf\u00e4nge des Volleyballsports in unserer Region zu suchen. In Schmitten fingen 1972 die M\u00e4nner und 1976 die Frauen an, Volleyball zu spielen. Das war der Anfang einer langen Erfolgsgeschichte. Seither waren Teams des VBC Schmitten 40-mal unter den ersten drei ihrer Liga platziert und liessen sich\u00a010-mal als Freiburger-Meister<\/p>\n<p><a class=\"read-more\" href=\"https:\/\/www.vbc-schmitten.ch\/index.php\/ueber-uns\/\"> Mehr lesen&#8230;<\/a><\/p>\n","protected":false},"author":3,"featured_media":0,"parent":0,"menu_order":0,"comment_status":"closed","ping_status":"closed","template":"about-sidebar.php","meta":{"footnotes":""},"class_list":["post-246","page","type-page","status-publish","hentry"],"_links":{"self":[{"href":"https:\/\/www.vbc-schmitten.ch\/index.php\/wp-json\/wp\/v2\/pages\/246","targetHints":{"allow":["GET"]}}],"collection":[{"href":"https:\/\/www.vbc-schmitten.ch\/index.php\/wp-json\/wp\/v2\/pages"}],"about":[{"href":"https:\/\/www.vbc-schmitten.ch\/index.php\/wp-json\/wp\/v2\/types\/page"}],"author":[{"embeddable":true,"href":"https:\/\/www.vbc-schmitten.ch\/index.php\/wp-json\/wp\/v2\/users\/3"}],"replies":[{"embeddable":true,"href":"https:\/\/www.vbc-schmitten.ch\/index.php\/wp-json\/wp\/v2\/comments?post=246"}],"version-history":[{"count":9,"href":"https:\/\/www.vbc-schmitten.ch\/index.php\/wp-json\/wp\/v2\/pages\/246\/revisions"}],"predecessor-version":[{"id":3186,"href":"https:\/\/www.vbc-schmitten.ch\/index.php\/wp-json\/wp\/v2\/pages\/246\/revisions\/3186"}],"wp:attachment":[{"href":"https:\/\/www.vbc-schmitten.ch\/index.php\/wp-json\/wp\/v2\/media?parent=246"}],"curies":[{"name":"wp","href":"https:\/\/api.w.org\/{rel}","templated":true}]}}