{"id":2687,"date":"2025-04-28T10:34:11","date_gmt":"2025-04-28T08:34:11","guid":{"rendered":"http:\/\/www.vbc-schmitten.ch\/?page_id=2687"},"modified":"2025-09-23T19:25:28","modified_gmt":"2025-09-23T17:25:28","slug":"informationen-zu-den-foerdertrainings","status":"publish","type":"page","link":"https:\/\/www.vbc-schmitten.ch\/index.php\/teams\/informationen-zu-den-foerdertrainings\/","title":{"rendered":"Informationen zu den F\u00f6rdertrainings"},"content":{"rendered":"\n<p>Seit Herbst 2024 bietet der VBC Schmitten w\u00f6chentlich zwei F\u00f6rdertrainings f\u00fcr seine Junior:innen an <strong>(U14\/U16 sowie U18\/U20)<\/strong>. Diese Trainings wurden ins Leben gerufen, um dem grossen Interesse vieler Spieler:innen an einer zus\u00e4tzlichen Trainingseinheit gerecht zu werden.<\/p>\n\n\n\n<p><strong>Die Ziele dieser F\u00f6rdertrainings werden im Folgenden beschrieben:<\/strong> <br>Der Schwerpunkt der F\u00f6rdertrainings liegt auf der technischen Entwicklung grundlegender Volleyballbewegungen wie zum Beispiel mittels eines reinen Pass- oder Manchettentrainings. Dabei ist es nicht von Relevanz, in welcher U-Mannschaft die Spieler:innen ihre Meisterschaftsspiele oder Turniere absolvieren. Ziel ist es, die Basisbewegungen des Volleyballs zu erlernen und zu verfeinern, um diese im regul\u00e4ren Mannschaftstraining sowie bei Spielen und Turnieren anwenden zu k\u00f6nnen. Daher liegt der Fokus bewusst nicht auf Spielformen oder Spielsystemen sondern auf der sauberen Ausf\u00fchrung von Grundtechniken.<\/p>\n\n\n\n<p>Bei den F\u00f6rdertrainings handelt er sich um ein Angebot, welchem interessierte Spieler:innen anfangs Saison zusagen und sich damit zur Teilnahme f\u00fcr die ganze Saison verpflichten. <strong>Es wird also eine regelm\u00e4ssige Trainingspr\u00e4senz vorausgesetzt<\/strong>. Ausnahmen werden mit den Trainer:innen und\/oder der Technischen Kommission Jugend besprochen.<\/p>\n\n\n\n<p>Das oberste Ziel ist, dass die Spieler:innen Freude an der pers\u00f6nlichen und spielerischen Entwicklung haben und Fortschritte erzielen k\u00f6nnen und m\u00f6chten. <\/p>\n\n\n\n<p>Fragen oder Anmerkungen k\u00f6nnen sehr gerne unter <a href=\"mailto:tech@vbc-schmitten.ch\">tech@vbc-schmitten.ch<\/a> gemeldet werden. \u00a0<\/p>\n\n\n\n<p><strong>Trainingszeiten<\/strong><\/p>\n\n\n\n<ul class=\"wp-block-list\">\n<li>F\u00f6rdertraining U18\/U20: Mittwoch, 18.30-20.15h &#8211; Trainier: Elmar Boschung<\/li>\n<\/ul>\n\n\n\n<ul class=\"wp-block-list\">\n<li>F\u00f6rdertraining U14\/U16: Donnerstag, 17.00-18.30h &#8211; Trainerinnen: Zoe M\u00e4chler &amp; Daria Vonlanthen<\/li>\n<\/ul>\n\n\n\n<p><\/p>\n\n\n\n<p><\/p>\n\n\n\n<p><\/p>\n\n\n\n<p><\/p>\n","protected":false},"excerpt":{"rendered":"<p>Seit Herbst 2024 bietet der VBC Schmitten w\u00f6chentlich zwei F\u00f6rdertrainings f\u00fcr seine Junior:innen an (U14\/U16 sowie U18\/U20). Diese Trainings wurden ins Leben gerufen, um dem grossen Interesse vieler Spieler:innen an einer zus\u00e4tzlichen Trainingseinheit gerecht zu werden. Die Ziele dieser F\u00f6rdertrainings werden im Folgenden beschrieben: Der Schwerpunkt der F\u00f6rdertrainings liegt auf der technischen Entwicklung grundlegender Volleyballbewegungen<\/p>\n<p><a class=\"read-more\" href=\"https:\/\/www.vbc-schmitten.ch\/index.php\/teams\/informationen-zu-den-foerdertrainings\/\"> Mehr lesen&#8230;<\/a><\/p>\n","protected":false},"author":4,"featured_media":0,"parent":209,"menu_order":11,"comment_status":"closed","ping_status":"closed","template":"","meta":{"footnotes":""},"class_list":["post-2687","page","type-page","status-publish","hentry"],"_links":{"self":[{"href":"https:\/\/www.vbc-schmitten.ch\/index.php\/wp-json\/wp\/v2\/pages\/2687","targetHints":{"allow":["GET"]}}],"collection":[{"href":"https:\/\/www.vbc-schmitten.ch\/index.php\/wp-json\/wp\/v2\/pages"}],"about":[{"href":"https:\/\/www.vbc-schmitten.ch\/index.php\/wp-json\/wp\/v2\/types\/page"}],"author":[{"embeddable":true,"href":"https:\/\/www.vbc-schmitten.ch\/index.php\/wp-json\/wp\/v2\/users\/4"}],"replies":[{"embeddable":true,"href":"https:\/\/www.vbc-schmitten.ch\/index.php\/wp-json\/wp\/v2\/comments?post=2687"}],"version-history":[{"count":11,"href":"https:\/\/www.vbc-schmitten.ch\/index.php\/wp-json\/wp\/v2\/pages\/2687\/revisions"}],"predecessor-version":[{"id":3078,"href":"https:\/\/www.vbc-schmitten.ch\/index.php\/wp-json\/wp\/v2\/pages\/2687\/revisions\/3078"}],"up":[{"embeddable":true,"href":"https:\/\/www.vbc-schmitten.ch\/index.php\/wp-json\/wp\/v2\/pages\/209"}],"wp:attachment":[{"href":"https:\/\/www.vbc-schmitten.ch\/index.php\/wp-json\/wp\/v2\/media?parent=2687"}],"curies":[{"name":"wp","href":"https:\/\/api.w.org\/{rel}","templated":true}]}}